{"id":15,"date":"2018-07-23T14:23:28","date_gmt":"2018-07-23T12:23:28","guid":{"rendered":"http:\/\/bellangerconsulting.com\/?page_id=15"},"modified":"2018-11-15T15:20:49","modified_gmt":"2018-11-15T14:20:49","slug":"candidats","status":"publish","type":"page","link":"https:\/\/bellangerconsulting.com\/index.php\/candidats\/","title":{"rendered":"Contactez nous"},"content":{"rendered":"<p>\t<iframe src=\"https:\/\/www.google.com\/maps\/embed\/v1\/place?key=AIzaSyD09zQ9PNDNNy9TadMuzRV_UsPUoWKntt8&#038;q=23+RUE+ETEX%2C+75018+PARIS\"><\/iframe><\/p>\n<p><strong>BELLANGER CONSULTING<\/strong><\/p>\n<p><strong>23 rue ETEX<\/strong><\/p>\n<p><b>75018 PARIS<\/b><\/p>\n<p>Siret : 817 868 227 00015<\/p>\n<p>Code APE : 7022Z<\/p>\n<p>H\u00e9bergement :<\/p>\n<p>Ce site a \u00e9t\u00e9 r\u00e9alis\u00e9 par Christophe Bellanger.<\/p>\n<p>Il est h\u00e9berg\u00e9 par www.ovh.fr<\/p>\n<h3>\n\t\tServices disponible de 9 H 00 \u00e0 19 h 00 du lundi au vendredi<br \/>\n\t<\/h3>\n<h2>\n\t\t06 61 77 39 79<br \/>\n\t<\/h2>\n<h3>\n\t\tcontactez nous avec :<br \/>\n\t<\/h3>\n<p>N&rsquo;h\u00e9sitez pas \u00e0 nous contacter pour de plus ample informations.<\/p>\n<p>contact@bellangerconsulting.com ou appelez-nous au 06 61 77 39 79<\/p>\n","protected":false},"excerpt":{"rendered":"<p>BELLANGER CONSULTING 23 rue ETEX 75018 PARIS Siret : 817 868 227 00015 Code APE : 7022Z H\u00e9bergement : Ce site a \u00e9t\u00e9 r\u00e9alis\u00e9 par Christophe Bellanger. Il est h\u00e9berg\u00e9 par www.ovh.fr Services disponible de 9 H 00 \u00e0 19 h 00 du lundi au vendredi 06 61 77 39 79 contactez nous avec :<a href=\"https:\/\/bellangerconsulting.com\/index.php\/candidats\/\">[&#8230;]<\/a><\/p>\n","protected":false},"author":1,"featured_media":0,"parent":0,"menu_order":0,"comment_status":"closed","ping_status":"closed","template":"","meta":[],"_links":{"self":[{"href":"https:\/\/bellangerconsulting.com\/index.php\/wp-json\/wp\/v2\/pages\/15"}],"collection":[{"href":"https:\/\/bellangerconsulting.com\/index.php\/wp-json\/wp\/v2\/pages"}],"about":[{"href":"https:\/\/bellangerconsulting.com\/index.php\/wp-json\/wp\/v2\/types\/page"}],"author":[{"embeddable":true,"href":"https:\/\/bellangerconsulting.com\/index.php\/wp-json\/wp\/v2\/users\/1"}],"replies":[{"embeddable":true,"href":"https:\/\/bellangerconsulting.com\/index.php\/wp-json\/wp\/v2\/comments?post=15"}],"version-history":[{"count":18,"href":"https:\/\/bellangerconsulting.com\/index.php\/wp-json\/wp\/v2\/pages\/15\/revisions"}],"predecessor-version":[{"id":345,"href":"https:\/\/bellangerconsulting.com\/index.php\/wp-json\/wp\/v2\/pages\/15\/revisions\/345"}],"wp:attachment":[{"href":"https:\/\/bellangerconsulting.com\/index.php\/wp-json\/wp\/v2\/media?parent=15"}],"curies":[{"name":"wp","href":"https:\/\/api.w.org\/{rel}","templated":true}]}}