{"id":21,"date":"2018-07-23T14:34:18","date_gmt":"2018-07-23T12:34:18","guid":{"rendered":"http:\/\/bellangerconsulting.com\/?page_id=21"},"modified":"2018-11-15T15:25:24","modified_gmt":"2018-11-15T14:25:24","slug":"cabinet-de-conseil-en-recrutement","status":"publish","type":"page","link":"https:\/\/bellangerconsulting.com\/index.php\/cabinet-de-conseil-en-recrutement\/","title":{"rendered":"Cabinet de conseil en recrutement"},"content":{"rendered":"<h1>\n\t\tNos services<br \/>\n\t<\/h1>\n<p>\t\t\t\t<img loading=\"lazy\" src=\"http:\/\/bellangerconsulting.com\/wp-content\/uploads\/2018\/08\/Fotolia_97804825_L.jpg\" alt=\"Double exposure of handshake and night city, blue tone\" itemprop=\"image\" height=\"1571\" width=\"2356\" title=\"Double exposure of handshake and night city, blue tone\"  \/><\/p>\n<h6><\/h6>\n<h6><\/h6>\n<p><strong>Bellanger consulting<\/strong> est sp\u00e9cialis\u00e9 dans le conseil en recrutement de cadres middle, high management, et d\u2019experts, notamment dans les domaines de l\u2019Ing\u00e9nierie, de Technologies de l\u2019information et de la communication, du Design.<\/p>\n<p>Nous avons d\u00e9velopp\u00e9 une expertise dans le recrutement sur mesure et par approche directe.<\/p>\n<p>Nous savons \u00eatre \u00e0 l\u2019\u00e9coute de vos besoins, force de proposition face \u00e0 vos probl\u00e9matiques d\u2019acquisition de talents, et savons jauger le potentiel du candidat \u00e0 s\u2019int\u00e9grer et \u00e0 \u00eatre acteur de la performance de votre entreprise.<\/p>\n<p><strong>Nos valeurs\u00a0:<\/strong><\/p>\n<p>r\u00e9activit\u00e9.<\/p>\n<p>confidentialit\u00e9.<\/p>\n<p>\u00e0 l\u2019\u00e9coute des aspirations professionnelles des candidats.<\/p>\n<p>volont\u00e9 de satisfaire les besoins strat\u00e9giques des clients.<\/p>\n<p>Un service sur mesure en phase avec vos r\u00e9alit\u00e9s, dans un objectif commun de r\u00e9ussite.<\/p>\n","protected":false},"excerpt":{"rendered":"<p>Nos services Bellanger consulting est sp\u00e9cialis\u00e9 dans le conseil en recrutement de cadres middle, high management, et d\u2019experts, notamment dans les domaines de l\u2019Ing\u00e9nierie, de Technologies de l\u2019information et de la communication, du Design. Nous avons d\u00e9velopp\u00e9 une expertise dans le recrutement sur mesure et par approche directe. Nous savons \u00eatre \u00e0 l\u2019\u00e9coute de vos<a href=\"https:\/\/bellangerconsulting.com\/index.php\/cabinet-de-conseil-en-recrutement\/\">[&#8230;]<\/a><\/p>\n","protected":false},"author":1,"featured_media":0,"parent":0,"menu_order":0,"comment_status":"closed","ping_status":"closed","template":"","meta":[],"_links":{"self":[{"href":"https:\/\/bellangerconsulting.com\/index.php\/wp-json\/wp\/v2\/pages\/21"}],"collection":[{"href":"https:\/\/bellangerconsulting.com\/index.php\/wp-json\/wp\/v2\/pages"}],"about":[{"href":"https:\/\/bellangerconsulting.com\/index.php\/wp-json\/wp\/v2\/types\/page"}],"author":[{"embeddable":true,"href":"https:\/\/bellangerconsulting.com\/index.php\/wp-json\/wp\/v2\/users\/1"}],"replies":[{"embeddable":true,"href":"https:\/\/bellangerconsulting.com\/index.php\/wp-json\/wp\/v2\/comments?post=21"}],"version-history":[{"count":12,"href":"https:\/\/bellangerconsulting.com\/index.php\/wp-json\/wp\/v2\/pages\/21\/revisions"}],"predecessor-version":[{"id":344,"href":"https:\/\/bellangerconsulting.com\/index.php\/wp-json\/wp\/v2\/pages\/21\/revisions\/344"}],"wp:attachment":[{"href":"https:\/\/bellangerconsulting.com\/index.php\/wp-json\/wp\/v2\/media?parent=21"}],"curies":[{"name":"wp","href":"https:\/\/api.w.org\/{rel}","templated":true}]}}