{"id":24,"date":"2018-07-23T14:34:29","date_gmt":"2018-07-23T12:34:29","guid":{"rendered":"http:\/\/bellangerconsulting.com\/?page_id=24"},"modified":"2018-09-07T13:12:46","modified_gmt":"2018-09-07T11:12:46","slug":"sourcing","status":"publish","type":"page","link":"https:\/\/bellangerconsulting.com\/index.php\/sourcing\/","title":{"rendered":"Sourcing"},"content":{"rendered":"<p>&nbsp;<\/p>\n<p>&nbsp;<\/p>\n<p>&nbsp;<\/p>\n<p>&nbsp;<\/p>\n<p>&nbsp;<\/p>\n<p>Recherche de candidats\u00a0(sourcing) :<\/p>\n<ul>\n<li>Publication d\u2019annonces dans les job boards avec validation du client,<\/li>\n<li>Recherche dans les r\u00e9seaux sociaux,<\/li>\n<li>Annuaires d\u2019\u00e9coles,<\/li>\n<li>Recherche dans des bases de donn\u00e9es professionnelles et dans la CVth\u00e8que interne,<\/li>\n<li>Tri des CV.<\/li>\n<\/ul>\n","protected":false},"excerpt":{"rendered":"<p>&nbsp; &nbsp; &nbsp; &nbsp; &nbsp; Recherche de candidats\u00a0(sourcing) : Publication d\u2019annonces dans les job boards avec validation du client, Recherche dans les r\u00e9seaux sociaux, Annuaires d\u2019\u00e9coles, Recherche dans des bases de donn\u00e9es professionnelles et dans la CVth\u00e8que interne, Tri des CV.<\/p>\n","protected":false},"author":1,"featured_media":0,"parent":0,"menu_order":0,"comment_status":"closed","ping_status":"closed","template":"","meta":[],"_links":{"self":[{"href":"https:\/\/bellangerconsulting.com\/index.php\/wp-json\/wp\/v2\/pages\/24"}],"collection":[{"href":"https:\/\/bellangerconsulting.com\/index.php\/wp-json\/wp\/v2\/pages"}],"about":[{"href":"https:\/\/bellangerconsulting.com\/index.php\/wp-json\/wp\/v2\/types\/page"}],"author":[{"embeddable":true,"href":"https:\/\/bellangerconsulting.com\/index.php\/wp-json\/wp\/v2\/users\/1"}],"replies":[{"embeddable":true,"href":"https:\/\/bellangerconsulting.com\/index.php\/wp-json\/wp\/v2\/comments?post=24"}],"version-history":[{"count":16,"href":"https:\/\/bellangerconsulting.com\/index.php\/wp-json\/wp\/v2\/pages\/24\/revisions"}],"predecessor-version":[{"id":283,"href":"https:\/\/bellangerconsulting.com\/index.php\/wp-json\/wp\/v2\/pages\/24\/revisions\/283"}],"wp:attachment":[{"href":"https:\/\/bellangerconsulting.com\/index.php\/wp-json\/wp\/v2\/media?parent=24"}],"curies":[{"name":"wp","href":"https:\/\/api.w.org\/{rel}","templated":true}]}}