{"id":28,"date":"2018-07-23T14:34:45","date_gmt":"2018-07-23T12:34:45","guid":{"rendered":"http:\/\/bellangerconsulting.com\/?page_id=28"},"modified":"2018-08-13T15:52:59","modified_gmt":"2018-08-13T13:52:59","slug":"evaluation-des-candidatures","status":"publish","type":"page","link":"https:\/\/bellangerconsulting.com\/index.php\/evaluation-des-candidatures\/","title":{"rendered":"Evaluation des candidatures"},"content":{"rendered":"<p>&nbsp;<\/p>\n<p>&nbsp;<\/p>\n<p>&nbsp;<\/p>\n<p>&nbsp;<\/p>\n<p>&nbsp;<\/p>\n<p>&nbsp;<\/p>\n<p>&nbsp;<\/p>\n<p>&nbsp;<\/p>\n<p>Prise de contact avec les candidatures s\u00e9lectionn\u00e9es pour un entretien t\u00e9l\u00e9phonique afin de valider le profil.<\/p>\n<p>Entretiens\u00a0en cabinet ou en visioconf\u00e9rence.<\/p>\n<p>Contr\u00f4le de r\u00e9f\u00e9rences\u00a0(avec accord du candidat).<\/p>\n<p>Synth\u00e8ses candidats\u00a0: Transmission au client d\u2019un rapport comprenant notamment la liste de candidatures avec une synth\u00e8se du profil et l\u2019ad\u00e9quation du poste.<\/p>\n<p>Pr\u00e9sentation des candidats.<\/p>\n<p>Suivi de l\u2019int\u00e9gration\u00a0jusqu\u2019au bout de la p\u00e9riode d\u2019essai.<\/p>\n","protected":false},"excerpt":{"rendered":"<p>&nbsp; &nbsp; &nbsp; &nbsp; &nbsp; &nbsp; &nbsp; &nbsp; Prise de contact avec les candidatures s\u00e9lectionn\u00e9es pour un entretien t\u00e9l\u00e9phonique afin de valider le profil. Entretiens\u00a0en cabinet ou en visioconf\u00e9rence. Contr\u00f4le de r\u00e9f\u00e9rences\u00a0(avec accord du candidat). Synth\u00e8ses candidats\u00a0: Transmission au client d\u2019un rapport comprenant notamment la liste de candidatures avec une synth\u00e8se du profil et l\u2019ad\u00e9quation<a href=\"https:\/\/bellangerconsulting.com\/index.php\/evaluation-des-candidatures\/\">[&#8230;]<\/a><\/p>\n","protected":false},"author":1,"featured_media":0,"parent":0,"menu_order":0,"comment_status":"closed","ping_status":"closed","template":"","meta":[],"_links":{"self":[{"href":"https:\/\/bellangerconsulting.com\/index.php\/wp-json\/wp\/v2\/pages\/28"}],"collection":[{"href":"https:\/\/bellangerconsulting.com\/index.php\/wp-json\/wp\/v2\/pages"}],"about":[{"href":"https:\/\/bellangerconsulting.com\/index.php\/wp-json\/wp\/v2\/types\/page"}],"author":[{"embeddable":true,"href":"https:\/\/bellangerconsulting.com\/index.php\/wp-json\/wp\/v2\/users\/1"}],"replies":[{"embeddable":true,"href":"https:\/\/bellangerconsulting.com\/index.php\/wp-json\/wp\/v2\/comments?post=28"}],"version-history":[{"count":4,"href":"https:\/\/bellangerconsulting.com\/index.php\/wp-json\/wp\/v2\/pages\/28\/revisions"}],"predecessor-version":[{"id":267,"href":"https:\/\/bellangerconsulting.com\/index.php\/wp-json\/wp\/v2\/pages\/28\/revisions\/267"}],"wp:attachment":[{"href":"https:\/\/bellangerconsulting.com\/index.php\/wp-json\/wp\/v2\/media?parent=28"}],"curies":[{"name":"wp","href":"https:\/\/api.w.org\/{rel}","templated":true}]}}