{"id":31,"date":"2018-07-23T14:35:16","date_gmt":"2018-07-23T12:35:16","guid":{"rendered":"http:\/\/bellangerconsulting.com\/?page_id=31"},"modified":"2018-08-21T14:22:19","modified_gmt":"2018-08-21T12:22:19","slug":"approche-directe-chasseur-de-tete","status":"publish","type":"page","link":"https:\/\/bellangerconsulting.com\/index.php\/approche-directe-chasseur-de-tete\/","title":{"rendered":"Approche directe, chasseur de t\u00eate"},"content":{"rendered":"<h6><\/h6>\n<p>&nbsp;<\/p>\n<p>&nbsp;<\/p>\n<p>&nbsp;<\/p>\n<p>&nbsp;<\/p>\n<p>&nbsp;<\/p>\n<p>&nbsp;<\/p>\n<p>&nbsp;<\/p>\n<p>&nbsp;<\/p>\n<p>&nbsp;<\/p>\n<p>&nbsp;<\/p>\n<p>&nbsp;<\/p>\n<h6><\/h6>\n<p>Nous identifions et contactons les meilleurs candidats selon le processus de recherche suivant :<\/p>\n<ul>\n<li>identification des entreprises cibl\u00e9es,<\/li>\n<li>Recherche des collaborateurs concern\u00e9s,<\/li>\n<li>entretien t\u00e9l\u00e9phonique, ou contact par email, r\u00e9seaux sociaux des candidats potentiels,<\/li>\n<li>pr\u00e9sentation des profils int\u00e9ress\u00e9s par le poste.<\/li>\n<\/ul>\n","protected":false},"excerpt":{"rendered":"<p>&nbsp; &nbsp; &nbsp; &nbsp; &nbsp; &nbsp; &nbsp; &nbsp; &nbsp; &nbsp; &nbsp; Nous identifions et contactons les meilleurs candidats selon le processus de recherche suivant : identification des entreprises cibl\u00e9es, Recherche des collaborateurs concern\u00e9s, entretien t\u00e9l\u00e9phonique, ou contact par email, r\u00e9seaux sociaux des candidats potentiels, pr\u00e9sentation des profils int\u00e9ress\u00e9s par le poste.<\/p>\n","protected":false},"author":1,"featured_media":0,"parent":0,"menu_order":0,"comment_status":"closed","ping_status":"closed","template":"","meta":[],"_links":{"self":[{"href":"https:\/\/bellangerconsulting.com\/index.php\/wp-json\/wp\/v2\/pages\/31"}],"collection":[{"href":"https:\/\/bellangerconsulting.com\/index.php\/wp-json\/wp\/v2\/pages"}],"about":[{"href":"https:\/\/bellangerconsulting.com\/index.php\/wp-json\/wp\/v2\/types\/page"}],"author":[{"embeddable":true,"href":"https:\/\/bellangerconsulting.com\/index.php\/wp-json\/wp\/v2\/users\/1"}],"replies":[{"embeddable":true,"href":"https:\/\/bellangerconsulting.com\/index.php\/wp-json\/wp\/v2\/comments?post=31"}],"version-history":[{"count":8,"href":"https:\/\/bellangerconsulting.com\/index.php\/wp-json\/wp\/v2\/pages\/31\/revisions"}],"predecessor-version":[{"id":268,"href":"https:\/\/bellangerconsulting.com\/index.php\/wp-json\/wp\/v2\/pages\/31\/revisions\/268"}],"wp:attachment":[{"href":"https:\/\/bellangerconsulting.com\/index.php\/wp-json\/wp\/v2\/media?parent=31"}],"curies":[{"name":"wp","href":"https:\/\/api.w.org\/{rel}","templated":true}]}}